{"id":13,"date":"2024-08-07T13:26:18","date_gmt":"2024-08-07T16:26:18","guid":{"rendered":"https:\/\/membrosaulaflix.aulasninja.com\/minha-conta\/"},"modified":"2025-09-02T01:22:30","modified_gmt":"2025-09-02T04:22:30","slug":"minha-conta","status":"publish","type":"page","link":"https:\/\/starstreaming.com.br\/xfest\/minha-conta\/","title":{"rendered":"Minha conta"},"content":{"rendered":"\t\t<div data-elementor-type=\"wp-page\" data-elementor-id=\"13\" class=\"elementor elementor-13\" data-elementor-post-type=\"page\">\n\t\t\t\t<div class=\"elementor-element elementor-element-0a6268a e-flex e-con-boxed e-con e-parent\" data-id=\"0a6268a\" data-element_type=\"container\">\n\t\t\t\t\t<div class=\"e-con-inner\">\n\t\t\t\t<div class=\"elementor-element elementor-element-b26a23d e-my-account-tabs-vertical elementor-widget elementor-widget-woocommerce-my-account\" data-id=\"b26a23d\" data-element_type=\"widget\" data-widget_type=\"woocommerce-my-account.default\">\n\t\t\t\t<div class=\"elementor-widget-container\">\n\t\t\t\t\t<div class=\"e-my-account-tab e-my-account-tab__ \">\t\t\t<div class=\"woocommerce\"><\/div>\t\t<\/div>\n\t\t\t\t\t\t<\/div>\n\t\t\t\t<\/div>\n\t\t\t\t\t<\/div>\n\t\t\t\t<\/div>\n\t\t\t\t<\/div>\n\t\t","protected":false},"excerpt":{"rendered":"<p>\u00c1rea do cliente Painel de Administra\u00e7\u00e3o Painel de Controle Pedidos Downloads Endere\u00e7os Inquiries Detalhes da conta Sair Ol\u00e1, angelodavenir (n\u00e3o \u00e9 angelodavenir? Sair) A partir do painel de controle de sua conta, voc\u00ea pode ver suas compras recentes, gerenciar seus endere\u00e7os de entrega e cobran\u00e7a, e editar sua senha e detalhes da conta.<\/p>\n","protected":false},"author":3,"featured_media":0,"parent":0,"menu_order":0,"comment_status":"closed","ping_status":"closed","template":"elementor_header_footer","meta":{"footnotes":""},"class_list":["post-13","page","type-page","status-publish","hentry"],"_links":{"self":[{"href":"https:\/\/starstreaming.com.br\/xfest\/wp-json\/wp\/v2\/pages\/13","targetHints":{"allow":["GET"]}}],"collection":[{"href":"https:\/\/starstreaming.com.br\/xfest\/wp-json\/wp\/v2\/pages"}],"about":[{"href":"https:\/\/starstreaming.com.br\/xfest\/wp-json\/wp\/v2\/types\/page"}],"author":[{"embeddable":true,"href":"https:\/\/starstreaming.com.br\/xfest\/wp-json\/wp\/v2\/users\/3"}],"replies":[{"embeddable":true,"href":"https:\/\/starstreaming.com.br\/xfest\/wp-json\/wp\/v2\/comments?post=13"}],"version-history":[{"count":12,"href":"https:\/\/starstreaming.com.br\/xfest\/wp-json\/wp\/v2\/pages\/13\/revisions"}],"predecessor-version":[{"id":653,"href":"https:\/\/starstreaming.com.br\/xfest\/wp-json\/wp\/v2\/pages\/13\/revisions\/653"}],"wp:attachment":[{"href":"https:\/\/starstreaming.com.br\/xfest\/wp-json\/wp\/v2\/media?parent=13"}],"curies":[{"name":"wp","href":"https:\/\/api.w.org\/{rel}","templated":true}]}}