{"id":14,"date":"2025-08-28T15:48:07","date_gmt":"2025-08-28T18:48:07","guid":{"rendered":"https:\/\/membrosaulaflix.aulasninja.com\/?page_id=14"},"modified":"2025-08-28T16:59:48","modified_gmt":"2025-08-28T19:59:48","slug":"reembolso_devolucoes","status":"publish","type":"page","link":"https:\/\/starstreaming.com.br\/xfest\/reembolso_devolucoes\/","title":{"rendered":"Pol\u00edtica de reembolso e devolu\u00e7\u00f5es"},"content":{"rendered":"\t\t<div data-elementor-type=\"wp-page\" data-elementor-id=\"14\" class=\"elementor elementor-14\" data-elementor-post-type=\"page\">\n\t\t\t\t<div class=\"elementor-element elementor-element-ca069c0 e-flex e-con-boxed e-con e-parent\" data-id=\"ca069c0\" data-element_type=\"container\">\n\t\t\t\t\t<div class=\"e-con-inner\">\n\t\t\t\t<div class=\"elementor-element elementor-element-6c42b2b elementor-widget elementor-widget-heading\" data-id=\"6c42b2b\" data-element_type=\"widget\" data-widget_type=\"heading.default\">\n\t\t\t\t<div class=\"elementor-widget-container\">\n\t\t\t\t\t<h2 class=\"elementor-heading-title elementor-size-default\">Pol\u00edticas de Reembolso e Devolu\u00e7\u00f5es<\/h2>\t\t\t\t<\/div>\n\t\t\t\t<\/div>\n\t\t\t\t\t<\/div>\n\t\t\t\t<\/div>\n\t\t<div class=\"elementor-element elementor-element-659361b7 e-flex e-con-boxed e-con e-parent\" data-id=\"659361b7\" data-element_type=\"container\" data-settings=\"{&quot;background_background&quot;:&quot;classic&quot;}\">\n\t\t\t\t\t<div class=\"e-con-inner\">\n\t\t\t\t<div class=\"elementor-element elementor-element-566aa8d elementor-widget elementor-widget-text-editor\" data-id=\"566aa8d\" data-element_type=\"widget\" data-widget_type=\"text-editor.default\">\n\t\t\t\t<div class=\"elementor-widget-container\">\n\t\t\t\t\t\t\t\t\t<p>X-FEST Mixed Martial Arts<br \/>1. Introdu\u00e7\u00e3o<\/p>\n<p>Agradecemos a sua compra em X-FEST PAY-PER-VIEW. Esperamos que esteja satisfeito (a) com o seu produto, mas caso n\u00e3o esteja, pode devolv\u00ea-lo ou solicitar um reembolso.<br \/><br \/>2. Prazos para Devolu\u00e7\u00e3o<\/p>\n<ul>\n<li><strong>Direito de Arrependimento: <\/strong>Este evento \u00e9 um produto online sem necessidade de justificativa para devolu\u00e7\u00e3o, pois o mesmo encontra-se 24hs online dispon\u00edvel para acesso mediante a compra do pacote.\u00a0<\/li>\n<li><strong>Devolu\u00e7\u00f5es por outros motivos: <\/strong>O Evento \u00e9 transmitido em nosso site via plataforma online de streaming, sendo obrigat\u00f3rio o uso de internet para ter acesso ao conte\u00fado.<br \/><br \/>3. Condi\u00e7\u00f5es para Devolu\u00e7\u00e3o<\/li>\n<\/ul>\n<p>Para que reembolso seja aceito, deve ser comprovado o n\u00e3o acesso online ao evento ou que o mesmo seja cancelado por motivos de for\u00e7a maior, para aprova\u00e7\u00e3o da devolu\u00e7\u00e3o devem ser comprovados as seguintes situa\u00e7\u00f5es.<\/p>\n<ul>\n<li>Site do evento fora do ar no hor\u00e1rio do evento.<\/li>\n<li>Print da tela especificando hor\u00e1rio e data.<\/li>\n<li>Comprovante de pagamento em perfeito estado se for recibo ou foto n\u00edtida.<br \/><br \/><\/li>\n<\/ul>\n<ol start=\"4\">\n<li>Procedimento para Devolu\u00e7\u00e3o<\/li>\n<li><strong>Entre em contato:<\/strong><\/li>\n<\/ol>\n<p>Informe a sua decis\u00e3o por escrito (Whatsapp do evento) dentro do prazo estipulado.\u00a0<\/p>\n<ol start=\"2\">\n<li><strong>Preencha o formul\u00e1rio:<\/strong><\/li>\n<\/ol>\n<p>Utilize o whatsapp do evento, dispon\u00edvel no Card principal do evento ou entre em contato com o mesmo via mensagem.<br \/><br \/><strong>Reembolso integral:<\/strong>\u00a0O valor ser\u00e1 devolvido para a forma de pagamento original.\u00a0<\/p>\n<p>N\u00e3o aceitamos devolu\u00e7\u00f5es sem os devidos erros de streaming exigidos.<\/p>\n<ol start=\"7\">\n<li>D\u00favidas<\/li>\n<\/ol>\n<p>Se tiver qualquer d\u00favida sobre a nossa pol\u00edtica de reembolso, entre em contato pelo Whatsapp do evento: 51 98218-8594.<\/p>\t\t\t\t\t\t\t\t<\/div>\n\t\t\t\t<\/div>\n\t\t\t\t\t<\/div>\n\t\t\t\t<\/div>\n\t\t\t\t<\/div>\n\t\t","protected":false},"excerpt":{"rendered":"<p>Pol\u00edticas de Reembolso e Devolu\u00e7\u00f5es X-FEST Mixed Martial Arts1. Introdu\u00e7\u00e3o Agradecemos a sua compra em X-FEST PAY-PER-VIEW. Esperamos que esteja satisfeito (a) com o seu produto, mas caso n\u00e3o esteja, pode devolv\u00ea-lo ou solicitar um reembolso. 2. Prazos para Devolu\u00e7\u00e3o Direito de Arrependimento: Este evento \u00e9 um produto online sem necessidade de justificativa para devolu\u00e7\u00e3o, [&hellip;]<\/p>\n","protected":false},"author":3,"featured_media":0,"parent":0,"menu_order":0,"comment_status":"closed","ping_status":"closed","template":"elementor_header_footer","meta":{"footnotes":""},"class_list":["post-14","page","type-page","status-publish","hentry"],"_links":{"self":[{"href":"https:\/\/starstreaming.com.br\/xfest\/wp-json\/wp\/v2\/pages\/14","targetHints":{"allow":["GET"]}}],"collection":[{"href":"https:\/\/starstreaming.com.br\/xfest\/wp-json\/wp\/v2\/pages"}],"about":[{"href":"https:\/\/starstreaming.com.br\/xfest\/wp-json\/wp\/v2\/types\/page"}],"author":[{"embeddable":true,"href":"https:\/\/starstreaming.com.br\/xfest\/wp-json\/wp\/v2\/users\/3"}],"replies":[{"embeddable":true,"href":"https:\/\/starstreaming.com.br\/xfest\/wp-json\/wp\/v2\/comments?post=14"}],"version-history":[{"count":15,"href":"https:\/\/starstreaming.com.br\/xfest\/wp-json\/wp\/v2\/pages\/14\/revisions"}],"predecessor-version":[{"id":635,"href":"https:\/\/starstreaming.com.br\/xfest\/wp-json\/wp\/v2\/pages\/14\/revisions\/635"}],"wp:attachment":[{"href":"https:\/\/starstreaming.com.br\/xfest\/wp-json\/wp\/v2\/media?parent=14"}],"curies":[{"name":"wp","href":"https:\/\/api.w.org\/{rel}","templated":true}]}}